{"id":6067,"date":"2020-04-22T14:21:13","date_gmt":"2020-04-22T14:21:13","guid":{"rendered":"https:\/\/premioluisvaltuena.org\/covid-photo-diaries\/"},"modified":"2020-09-10T11:08:41","modified_gmt":"2020-09-10T11:08:41","slug":"covid-photo-diaries","status":"publish","type":"page","link":"https:\/\/premioluisvaltuena.org\/en\/covid-photo-diaries\/","title":{"rendered":"Covid <br>Photo <br>Diaries"},"content":{"rendered":"\n<p>Covid Photo Diaries is a project created by eight prominent Spanish photojournalists who document, in different parts of the country and on a daily basis, the effects of the Covid-19 pandemic.&nbsp;&nbsp;<\/p>\n\n\n\n<p>What is life in confinement like? What is this new daily life made of? How do we deal with the epidemic? We discover this through the photographs of Manu Brabo, Olmo Calvo, Jos\u00e9 Col\u00f3n, Javier Fergo, Susana Gir\u00f3n, Isabel Permuy, Judith Prat and Anna Surinyach.&nbsp;&nbsp;<\/p>\n\n\n\n<p>The initiative begins with an account on <a href=\"https:\/\/www.instagram.com\/covidphotodiaries\/\">Instagram<\/a> where, since March 17, 2020, images captured in their homes, in their neighbourhoods, in their cities, or wherever there is a story to be told are published every day. They are accompanied by short texts in which their own authors or contributing editors give context, add their own sensations, and expand the descriptions of places, people, and events.&nbsp;&nbsp;<\/p>\n\n\n\n<p>Due to movement restrictions -after the state of alarm decreed on March 14-, the collective begins to photograph their closest surroundings, where each one lives: in Madrid, Barcelona, Zaragoza, Gij\u00f3n, Jerez de la Frontera, and Seville. Little by little, with the help of NGOs and other organizations, they are expanding their scope and extending their coverage in the territory.&nbsp;&nbsp;&nbsp;<\/p>\n\n\n\n<p>&#8220;This project was born with the aim of being an interactive map of one of the most important events we have experienced in recent decades. In addition to the unquestionable relevance of documenting the day-to-day running of this health alert and its consequences for the population, there is the enormous value that this visual, plural and extensive testimony will have when everything is over. It will be the memory of what happened to us these days&#8221;, say the photojournalists.&nbsp;&nbsp;&nbsp;<\/p>\n\n\n\n<p>Covid Photo Diaries is a collective and courageous response to the challenge of documenting a stage that is changing our lives. That is why we at M\u00e9dicos del Mundo decided to support it. It is a new creative proposal to explore, inform, and face the current crisis together, and also, a way to support each other.<\/p>\n\n\n\n<figure class=\"wp-block-embed-youtube wp-block-embed is-type-video is-provider-youtube wp-embed-aspect-16-9 wp-has-aspect-ratio\"><div class=\"wp-block-embed__wrapper\">\n<iframe loading=\"lazy\" title=\"Covid Photo Diaries\" width=\"640\" height=\"360\" src=\"https:\/\/www.youtube.com\/embed\/kRQ762VjY20?feature=oembed\" frameborder=\"0\" allow=\"accelerometer; autoplay; clipboard-write; encrypted-media; gyroscope; picture-in-picture; web-share\" referrerpolicy=\"strict-origin-when-cross-origin\" allowfullscreen><\/iframe>\n<\/div><\/figure>\n\n\n<div class=\"row-full blue-background mt-5\">\n    <div class=\"col-md-12\">\n        <h2 class=\"big48 font-bold font-family-ch-bold\">Collaborate with Doctors of the World<\/h2>\n    <\/div>\n    <div class=\"col-md-4 offset-md-4 mb-5\">\n        <p class=\"big22\">Make your donation now and help us fight disease and injustice.<\/p>\n    <\/div>\n    <div class=\"col-md-12\">\n        <a href=\"https:\/\/www.medicosdelmundo.org\/colabora\" class=\"btn btn-outline-light\">I want to collaborate<\/a>\n    <\/div>\n<\/div>","protected":false},"excerpt":{"rendered":"<p><a href=\"https:\/\/premioluisvaltuena.org\/en\/covid-photo-diaries\">Covid Photo Diaries<\/a> is a project created by eight prominent Spanish photojournalists who document, in different parts of the country and on a daily basis, the effects of the Covid-19 pandemic.<\/p>\n<p>You can also follow it on <a href=\"https:\/\/www.instagram.com\/covidphotodiaries\/\">Instagram.<\/p>\n","protected":false},"author":23,"featured_media":9027,"parent":0,"menu_order":0,"comment_status":"closed","ping_status":"closed","template":"page-templates\/covid-photo-diaries.php","meta":{"_acf_changed":false,"inline_featured_image":false,"_monsterinsights_skip_tracking":false,"_monsterinsights_sitenote_active":false,"_monsterinsights_sitenote_note":"","_monsterinsights_sitenote_category":0,"footnotes":""},"class_list":["post-6067","page","type-page","status-publish","has-post-thumbnail","hentry"],"acf":[],"yoast_head":"<!-- This site is optimized with the Yoast SEO plugin v27.3 - https:\/\/yoast.com\/product\/yoast-seo-wordpress\/ -->\n<title>Covid Photo Diaries - Premio Luis Valtue\u00f1a<\/title>\n<meta name=\"description\" content=\"Covid Photo Diaries is a project created by eight prominent Spanish photojournalists who document, in different parts of the country and on a daily basis, the effects of the Covid-19 pandemic.\" \/>\n<meta name=\"robots\" content=\"index, follow, max-snippet:-1, max-image-preview:large, max-video-preview:-1\" \/>\n<link rel=\"canonical\" href=\"https:\/\/premioluisvaltuena.org\/en\/covid-photo-diaries\/\" \/>\n<meta property=\"og:locale\" content=\"en_US\" \/>\n<meta property=\"og:type\" content=\"article\" \/>\n<meta property=\"og:title\" content=\"Covid Photo Diaries - Premio Luis Valtue\u00f1a\" \/>\n<meta property=\"og:description\" content=\"Covid Photo Diaries is a project created by eight prominent Spanish photojournalists who document, in different parts of the country and on a daily basis, the effects of the Covid-19 pandemic.\" \/>\n<meta property=\"og:url\" content=\"https:\/\/premioluisvaltuena.org\/en\/covid-photo-diaries\/\" \/>\n<meta property=\"og:site_name\" content=\"Premio Luis Valtue\u00f1a\" \/>\n<meta property=\"article:publisher\" content=\"https:\/\/www.facebook.com\/premioluisvaltuena\/\" \/>\n<meta property=\"article:modified_time\" content=\"2020-09-10T11:08:41+00:00\" \/>\n<meta property=\"og:image\" content=\"https:\/\/premioluisvaltuena.org\/wp-content\/uploads\/2020\/06\/olmo_calvo_covid_photo_diaries_09_6_20_low.jpg\" \/>\n\t<meta property=\"og:image:width\" content=\"1980\" \/>\n\t<meta property=\"og:image:height\" content=\"1320\" \/>\n\t<meta property=\"og:image:type\" content=\"image\/jpeg\" \/>\n<meta name=\"twitter:card\" content=\"summary_large_image\" \/>\n<meta name=\"twitter:label1\" content=\"Est. reading time\" \/>\n\t<meta name=\"twitter:data1\" content=\"2 minutes\" \/>\n<script type=\"application\/ld+json\" class=\"yoast-schema-graph\">{\"@context\":\"https:\\\/\\\/schema.org\",\"@graph\":[{\"@type\":\"WebPage\",\"@id\":\"https:\\\/\\\/premioluisvaltuena.org\\\/en\\\/covid-photo-diaries\\\/\",\"url\":\"https:\\\/\\\/premioluisvaltuena.org\\\/en\\\/covid-photo-diaries\\\/\",\"name\":\"Covid Photo Diaries - Premio Luis Valtue\u00f1a\",\"isPartOf\":{\"@id\":\"https:\\\/\\\/premioluisvaltuena.org\\\/#website\"},\"primaryImageOfPage\":{\"@id\":\"https:\\\/\\\/premioluisvaltuena.org\\\/en\\\/covid-photo-diaries\\\/#primaryimage\"},\"image\":{\"@id\":\"https:\\\/\\\/premioluisvaltuena.org\\\/en\\\/covid-photo-diaries\\\/#primaryimage\"},\"thumbnailUrl\":\"https:\\\/\\\/premioluisvaltuena.org\\\/wp-content\\\/uploads\\\/2020\\\/06\\\/olmo_calvo_covid_photo_diaries_09_6_20_low.jpg\",\"datePublished\":\"2020-04-22T14:21:13+00:00\",\"dateModified\":\"2020-09-10T11:08:41+00:00\",\"description\":\"Covid Photo Diaries is a project created by eight prominent Spanish photojournalists who document, in different parts of the country and on a daily basis, the effects of the Covid-19 pandemic.\",\"breadcrumb\":{\"@id\":\"https:\\\/\\\/premioluisvaltuena.org\\\/en\\\/covid-photo-diaries\\\/#breadcrumb\"},\"inLanguage\":\"en-US\",\"potentialAction\":[{\"@type\":\"ReadAction\",\"target\":[\"https:\\\/\\\/premioluisvaltuena.org\\\/en\\\/covid-photo-diaries\\\/\"]}]},{\"@type\":\"ImageObject\",\"inLanguage\":\"en-US\",\"@id\":\"https:\\\/\\\/premioluisvaltuena.org\\\/en\\\/covid-photo-diaries\\\/#primaryimage\",\"url\":\"https:\\\/\\\/premioluisvaltuena.org\\\/wp-content\\\/uploads\\\/2020\\\/06\\\/olmo_calvo_covid_photo_diaries_09_6_20_low.jpg\",\"contentUrl\":\"https:\\\/\\\/premioluisvaltuena.org\\\/wp-content\\\/uploads\\\/2020\\\/06\\\/olmo_calvo_covid_photo_diaries_09_6_20_low.jpg\",\"width\":1980,\"height\":1320,\"caption\":\"Concentration of health personnel from the Gregorio Mara\u00f1\u00f3n hospital in Madrid in defense of public health. The process of cuts and privatization of hospitals and services has not stopped, not even during the pandemic. On May 27, Isabel D\u00edaz Ayuso, president of the Community of Madrid, approved the hiring of the comprehensive cleaning service for six hospitals. Different unions, such as CCOO and UGT, have denounced this new privatization and have called new protests that are added to those that are already taking place.\"},{\"@type\":\"BreadcrumbList\",\"@id\":\"https:\\\/\\\/premioluisvaltuena.org\\\/en\\\/covid-photo-diaries\\\/#breadcrumb\",\"itemListElement\":[{\"@type\":\"ListItem\",\"position\":1,\"name\":\"Portada\",\"item\":\"https:\\\/\\\/premioluisvaltuena.org\\\/en\\\/\"},{\"@type\":\"ListItem\",\"position\":2,\"name\":\"Covid Photo Diaries\"}]},{\"@type\":\"WebSite\",\"@id\":\"https:\\\/\\\/premioluisvaltuena.org\\\/#website\",\"url\":\"https:\\\/\\\/premioluisvaltuena.org\\\/\",\"name\":\"Premio Internacional Luis Valtue\u00f1a Fotograf\u00eda Humanitaria\",\"description\":\"\",\"publisher\":{\"@id\":\"https:\\\/\\\/premioluisvaltuena.org\\\/#organization\"},\"potentialAction\":[{\"@type\":\"SearchAction\",\"target\":{\"@type\":\"EntryPoint\",\"urlTemplate\":\"https:\\\/\\\/premioluisvaltuena.org\\\/?s={search_term_string}\"},\"query-input\":{\"@type\":\"PropertyValueSpecification\",\"valueRequired\":true,\"valueName\":\"search_term_string\"}}],\"inLanguage\":\"en-US\"},{\"@type\":\"Organization\",\"@id\":\"https:\\\/\\\/premioluisvaltuena.org\\\/#organization\",\"name\":\"Premio Internacional Luis Valtue\u00f1a Fotograf\u00eda Humanitaria\",\"url\":\"https:\\\/\\\/premioluisvaltuena.org\\\/\",\"logo\":{\"@type\":\"ImageObject\",\"inLanguage\":\"en-US\",\"@id\":\"https:\\\/\\\/premioluisvaltuena.org\\\/#\\\/schema\\\/logo\\\/image\\\/\",\"url\":\"https:\\\/\\\/premioluisvaltuena.org\\\/wp-content\\\/uploads\\\/2020\\\/08\\\/Logo-2020.png\",\"contentUrl\":\"https:\\\/\\\/premioluisvaltuena.org\\\/wp-content\\\/uploads\\\/2020\\\/08\\\/Logo-2020.png\",\"width\":1920,\"height\":1280,\"caption\":\"Premio Internacional Luis Valtue\u00f1a Fotograf\u00eda Humanitaria\"},\"image\":{\"@id\":\"https:\\\/\\\/premioluisvaltuena.org\\\/#\\\/schema\\\/logo\\\/image\\\/\"},\"sameAs\":[\"https:\\\/\\\/www.facebook.com\\\/premioluisvaltuena\\\/\",\"https:\\\/\\\/www.instagram.com\\\/premioluisvaltuena\\\/\",\"https:\\\/\\\/www.youtube.com\\\/playlist?list=PLXPK1-jJZbACLMAIKz7pej4avPCcdrmkn\",\"https:\\\/\\\/es.wikipedia.org\\\/wiki\\\/Premio_Internacional_Luis_Valtue\u00f1a_de_Fotograf\u00eda_Humanitaria\"]}]}<\/script>\n<!-- \/ Yoast SEO plugin. -->","yoast_head_json":{"title":"Covid Photo Diaries - Premio Luis Valtue\u00f1a","description":"Covid Photo Diaries is a project created by eight prominent Spanish photojournalists who document, in different parts of the country and on a daily basis, the effects of the Covid-19 pandemic.","robots":{"index":"index","follow":"follow","max-snippet":"max-snippet:-1","max-image-preview":"max-image-preview:large","max-video-preview":"max-video-preview:-1"},"canonical":"https:\/\/premioluisvaltuena.org\/en\/covid-photo-diaries\/","og_locale":"en_US","og_type":"article","og_title":"Covid Photo Diaries - Premio Luis Valtue\u00f1a","og_description":"Covid Photo Diaries is a project created by eight prominent Spanish photojournalists who document, in different parts of the country and on a daily basis, the effects of the Covid-19 pandemic.","og_url":"https:\/\/premioluisvaltuena.org\/en\/covid-photo-diaries\/","og_site_name":"Premio Luis Valtue\u00f1a","article_publisher":"https:\/\/www.facebook.com\/premioluisvaltuena\/","article_modified_time":"2020-09-10T11:08:41+00:00","og_image":[{"width":1980,"height":1320,"url":"https:\/\/premioluisvaltuena.org\/wp-content\/uploads\/2020\/06\/olmo_calvo_covid_photo_diaries_09_6_20_low.jpg","type":"image\/jpeg"}],"twitter_card":"summary_large_image","twitter_misc":{"Est. reading time":"2 minutes"},"schema":{"@context":"https:\/\/schema.org","@graph":[{"@type":"WebPage","@id":"https:\/\/premioluisvaltuena.org\/en\/covid-photo-diaries\/","url":"https:\/\/premioluisvaltuena.org\/en\/covid-photo-diaries\/","name":"Covid Photo Diaries - Premio Luis Valtue\u00f1a","isPartOf":{"@id":"https:\/\/premioluisvaltuena.org\/#website"},"primaryImageOfPage":{"@id":"https:\/\/premioluisvaltuena.org\/en\/covid-photo-diaries\/#primaryimage"},"image":{"@id":"https:\/\/premioluisvaltuena.org\/en\/covid-photo-diaries\/#primaryimage"},"thumbnailUrl":"https:\/\/premioluisvaltuena.org\/wp-content\/uploads\/2020\/06\/olmo_calvo_covid_photo_diaries_09_6_20_low.jpg","datePublished":"2020-04-22T14:21:13+00:00","dateModified":"2020-09-10T11:08:41+00:00","description":"Covid Photo Diaries is a project created by eight prominent Spanish photojournalists who document, in different parts of the country and on a daily basis, the effects of the Covid-19 pandemic.","breadcrumb":{"@id":"https:\/\/premioluisvaltuena.org\/en\/covid-photo-diaries\/#breadcrumb"},"inLanguage":"en-US","potentialAction":[{"@type":"ReadAction","target":["https:\/\/premioluisvaltuena.org\/en\/covid-photo-diaries\/"]}]},{"@type":"ImageObject","inLanguage":"en-US","@id":"https:\/\/premioluisvaltuena.org\/en\/covid-photo-diaries\/#primaryimage","url":"https:\/\/premioluisvaltuena.org\/wp-content\/uploads\/2020\/06\/olmo_calvo_covid_photo_diaries_09_6_20_low.jpg","contentUrl":"https:\/\/premioluisvaltuena.org\/wp-content\/uploads\/2020\/06\/olmo_calvo_covid_photo_diaries_09_6_20_low.jpg","width":1980,"height":1320,"caption":"Concentration of health personnel from the Gregorio Mara\u00f1\u00f3n hospital in Madrid in defense of public health. The process of cuts and privatization of hospitals and services has not stopped, not even during the pandemic. On May 27, Isabel D\u00edaz Ayuso, president of the Community of Madrid, approved the hiring of the comprehensive cleaning service for six hospitals. Different unions, such as CCOO and UGT, have denounced this new privatization and have called new protests that are added to those that are already taking place."},{"@type":"BreadcrumbList","@id":"https:\/\/premioluisvaltuena.org\/en\/covid-photo-diaries\/#breadcrumb","itemListElement":[{"@type":"ListItem","position":1,"name":"Portada","item":"https:\/\/premioluisvaltuena.org\/en\/"},{"@type":"ListItem","position":2,"name":"Covid Photo Diaries"}]},{"@type":"WebSite","@id":"https:\/\/premioluisvaltuena.org\/#website","url":"https:\/\/premioluisvaltuena.org\/","name":"Premio Internacional Luis Valtue\u00f1a Fotograf\u00eda Humanitaria","description":"","publisher":{"@id":"https:\/\/premioluisvaltuena.org\/#organization"},"potentialAction":[{"@type":"SearchAction","target":{"@type":"EntryPoint","urlTemplate":"https:\/\/premioluisvaltuena.org\/?s={search_term_string}"},"query-input":{"@type":"PropertyValueSpecification","valueRequired":true,"valueName":"search_term_string"}}],"inLanguage":"en-US"},{"@type":"Organization","@id":"https:\/\/premioluisvaltuena.org\/#organization","name":"Premio Internacional Luis Valtue\u00f1a Fotograf\u00eda Humanitaria","url":"https:\/\/premioluisvaltuena.org\/","logo":{"@type":"ImageObject","inLanguage":"en-US","@id":"https:\/\/premioluisvaltuena.org\/#\/schema\/logo\/image\/","url":"https:\/\/premioluisvaltuena.org\/wp-content\/uploads\/2020\/08\/Logo-2020.png","contentUrl":"https:\/\/premioluisvaltuena.org\/wp-content\/uploads\/2020\/08\/Logo-2020.png","width":1920,"height":1280,"caption":"Premio Internacional Luis Valtue\u00f1a Fotograf\u00eda Humanitaria"},"image":{"@id":"https:\/\/premioluisvaltuena.org\/#\/schema\/logo\/image\/"},"sameAs":["https:\/\/www.facebook.com\/premioluisvaltuena\/","https:\/\/www.instagram.com\/premioluisvaltuena\/","https:\/\/www.youtube.com\/playlist?list=PLXPK1-jJZbACLMAIKz7pej4avPCcdrmkn","https:\/\/es.wikipedia.org\/wiki\/Premio_Internacional_Luis_Valtue\u00f1a_de_Fotograf\u00eda_Humanitaria"]}]}},"_links":{"self":[{"href":"https:\/\/premioluisvaltuena.org\/en\/wp-json\/wp\/v2\/pages\/6067","targetHints":{"allow":["GET"]}}],"collection":[{"href":"https:\/\/premioluisvaltuena.org\/en\/wp-json\/wp\/v2\/pages"}],"about":[{"href":"https:\/\/premioluisvaltuena.org\/en\/wp-json\/wp\/v2\/types\/page"}],"author":[{"embeddable":true,"href":"https:\/\/premioluisvaltuena.org\/en\/wp-json\/wp\/v2\/users\/23"}],"replies":[{"embeddable":true,"href":"https:\/\/premioluisvaltuena.org\/en\/wp-json\/wp\/v2\/comments?post=6067"}],"version-history":[{"count":1,"href":"https:\/\/premioluisvaltuena.org\/en\/wp-json\/wp\/v2\/pages\/6067\/revisions"}],"predecessor-version":[{"id":9661,"href":"https:\/\/premioluisvaltuena.org\/en\/wp-json\/wp\/v2\/pages\/6067\/revisions\/9661"}],"wp:featuredmedia":[{"embeddable":true,"href":"https:\/\/premioluisvaltuena.org\/en\/wp-json\/wp\/v2\/media\/9027"}],"wp:attachment":[{"href":"https:\/\/premioluisvaltuena.org\/en\/wp-json\/wp\/v2\/media?parent=6067"}],"curies":[{"name":"wp","href":"https:\/\/api.w.org\/{rel}","templated":true}]}}