{"id":5316,"date":"2020-04-22T17:27:23","date_gmt":"2020-04-22T17:27:23","guid":{"rendered":"https:\/\/premioluisvaltuena.org\/?page_id=5316"},"modified":"2020-04-22T21:15:35","modified_gmt":"2020-04-22T21:15:35","slug":"photographs-usage-policy","status":"publish","type":"page","link":"https:\/\/premioluisvaltuena.org\/en\/photographs-usage-policy\/","title":{"rendered":"Photographs usage policy"},"content":{"rendered":"\n<p>The photographs of the Luis Valtue\u00f1a International Humanitarian Photography Award, organized by M\u00e9dicos del Mundo Espa\u00f1a, may be used under certain conditions listed below:<\/p>\n\n\n\n<ul class=\"wp-block-list\"><li>They must always be accompanied by the name of their author, respecting intellectual property rights.<\/li><li>Captions should be included whenever possible.<\/li><li>In online publications, do not use a high-resolution image, but one of reasonable size for the medium and should include the URL of the Award website (www.premioluisvaltuena.org).<\/li><li>Each photograph is a work in its entirety and as such should be published in its full form. It may not be reproduced in part or cropped, among other modifications, without the author&#8217;s permission.<\/li><li>They must not be manipulated manually or digitally without the author&#8217;s authorization.<\/li><li>They must be reproduced only for news related to the Luis Valtue\u00f1a Award.<\/li><li>For any other use, the person or entity concerned should contact the communications office at the headquarters of M\u00e9dicos del Mundo Espa\u00f1a.<\/li><li>Under no condition may the pictures be used for commercial  purposes.<\/li><li>M\u00e9dicos del Mundo reserves the right to deny usage of the images if it considers such usage not to be in the best interests of the Luis Valtue\u00f1a Award or its authors.<\/li><\/ul>\n\n\n\n<p><strong>CONTACT US<\/strong><br>We will be happy to answer any request or doubt about the use of the images. We would love to see how the photographs we have provided are being used. Please send us an email with a link to the publication.<\/p>\n\n\n\n<p><strong>Communication Department<\/strong><br>Alba Vill\u00e9n<br><a href=\"mailto:alba.villen@medicosdelmundo.org\">alba.villen@medicosdelmundo.org<\/a><\/p>\n\n\n\n<p><strong>Premio<\/strong><br><a href=\"mailto:premioluisvaltuena@medicosdelmundo.org\">premioluisvaltuena@medicosdelmundo.org<\/a><br>Conde de Vilches, 15<br>28028, Madrid<br>Phone: +34 91 543 60 33<br><br><\/p>\n","protected":false},"excerpt":{"rendered":"<p>The photographs of the Luis Valtue\u00f1a International Humanitarian Photography Award, organized by M\u00e9dicos del Mundo Espa\u00f1a, may be used under certain conditions listed below: They must always be accompanied by the name of their author, respecting intellectual property rights. Captions should be included whenever possible. In online publications, do not use a high-resolution image, but<\/p>\n","protected":false},"author":23,"featured_media":0,"parent":0,"menu_order":0,"comment_status":"closed","ping_status":"closed","template":"page-templates\/cabecera-verde.php","meta":{"_acf_changed":false,"inline_featured_image":false,"_monsterinsights_skip_tracking":false,"_monsterinsights_sitenote_active":false,"_monsterinsights_sitenote_note":"","_monsterinsights_sitenote_category":0,"footnotes":""},"class_list":["post-5316","page","type-page","status-publish","hentry"],"acf":[],"yoast_head":"<!-- This site is optimized with the Yoast SEO plugin v27.4 - https:\/\/yoast.com\/product\/yoast-seo-wordpress\/ -->\n<title>Photographs usage policy - Premio Luis Valtue\u00f1a<\/title>\n<meta name=\"robots\" content=\"index, follow, max-snippet:-1, max-image-preview:large, max-video-preview:-1\" \/>\n<link rel=\"canonical\" href=\"https:\/\/premioluisvaltuena.org\/en\/photographs-usage-policy\/\" \/>\n<meta property=\"og:locale\" content=\"en_US\" \/>\n<meta property=\"og:type\" content=\"article\" \/>\n<meta property=\"og:title\" content=\"Photographs usage policy - Premio Luis Valtue\u00f1a\" \/>\n<meta property=\"og:description\" content=\"The photographs of the Luis Valtue\u00f1a International Humanitarian Photography Award, organized by M\u00e9dicos del Mundo Espa\u00f1a, may be used under certain conditions listed below: They must always be accompanied by the name of their author, respecting intellectual property rights. Captions should be included whenever possible. In online publications, do not use a high-resolution image, but\" \/>\n<meta property=\"og:url\" content=\"https:\/\/premioluisvaltuena.org\/en\/photographs-usage-policy\/\" \/>\n<meta property=\"og:site_name\" content=\"Premio Luis Valtue\u00f1a\" \/>\n<meta property=\"article:publisher\" content=\"https:\/\/www.facebook.com\/premioluisvaltuena\/\" \/>\n<meta property=\"article:modified_time\" content=\"2020-04-22T21:15:35+00:00\" \/>\n<meta name=\"twitter:card\" content=\"summary_large_image\" \/>\n<meta name=\"twitter:label1\" content=\"Est. reading time\" \/>\n\t<meta name=\"twitter:data1\" content=\"1 minute\" \/>\n<script type=\"application\/ld+json\" class=\"yoast-schema-graph\">{\"@context\":\"https:\\\/\\\/schema.org\",\"@graph\":[{\"@type\":\"WebPage\",\"@id\":\"https:\\\/\\\/premioluisvaltuena.org\\\/en\\\/photographs-usage-policy\\\/\",\"url\":\"https:\\\/\\\/premioluisvaltuena.org\\\/en\\\/photographs-usage-policy\\\/\",\"name\":\"Photographs usage policy - Premio Luis Valtue\u00f1a\",\"isPartOf\":{\"@id\":\"https:\\\/\\\/premioluisvaltuena.org\\\/#website\"},\"datePublished\":\"2020-04-22T17:27:23+00:00\",\"dateModified\":\"2020-04-22T21:15:35+00:00\",\"breadcrumb\":{\"@id\":\"https:\\\/\\\/premioluisvaltuena.org\\\/en\\\/photographs-usage-policy\\\/#breadcrumb\"},\"inLanguage\":\"en-US\",\"potentialAction\":[{\"@type\":\"ReadAction\",\"target\":[\"https:\\\/\\\/premioluisvaltuena.org\\\/en\\\/photographs-usage-policy\\\/\"]}]},{\"@type\":\"BreadcrumbList\",\"@id\":\"https:\\\/\\\/premioluisvaltuena.org\\\/en\\\/photographs-usage-policy\\\/#breadcrumb\",\"itemListElement\":[{\"@type\":\"ListItem\",\"position\":1,\"name\":\"Portada\",\"item\":\"https:\\\/\\\/premioluisvaltuena.org\\\/en\\\/\"},{\"@type\":\"ListItem\",\"position\":2,\"name\":\"Photographs usage policy\"}]},{\"@type\":\"WebSite\",\"@id\":\"https:\\\/\\\/premioluisvaltuena.org\\\/#website\",\"url\":\"https:\\\/\\\/premioluisvaltuena.org\\\/\",\"name\":\"Premio Internacional Luis Valtue\u00f1a Fotograf\u00eda Humanitaria\",\"description\":\"\",\"publisher\":{\"@id\":\"https:\\\/\\\/premioluisvaltuena.org\\\/#organization\"},\"potentialAction\":[{\"@type\":\"SearchAction\",\"target\":{\"@type\":\"EntryPoint\",\"urlTemplate\":\"https:\\\/\\\/premioluisvaltuena.org\\\/?s={search_term_string}\"},\"query-input\":{\"@type\":\"PropertyValueSpecification\",\"valueRequired\":true,\"valueName\":\"search_term_string\"}}],\"inLanguage\":\"en-US\"},{\"@type\":\"Organization\",\"@id\":\"https:\\\/\\\/premioluisvaltuena.org\\\/#organization\",\"name\":\"Premio Internacional Luis Valtue\u00f1a Fotograf\u00eda Humanitaria\",\"url\":\"https:\\\/\\\/premioluisvaltuena.org\\\/\",\"logo\":{\"@type\":\"ImageObject\",\"inLanguage\":\"en-US\",\"@id\":\"https:\\\/\\\/premioluisvaltuena.org\\\/#\\\/schema\\\/logo\\\/image\\\/\",\"url\":\"https:\\\/\\\/premioluisvaltuena.org\\\/wp-content\\\/uploads\\\/2020\\\/08\\\/Logo-2020.png\",\"contentUrl\":\"https:\\\/\\\/premioluisvaltuena.org\\\/wp-content\\\/uploads\\\/2020\\\/08\\\/Logo-2020.png\",\"width\":1920,\"height\":1280,\"caption\":\"Premio Internacional Luis Valtue\u00f1a Fotograf\u00eda Humanitaria\"},\"image\":{\"@id\":\"https:\\\/\\\/premioluisvaltuena.org\\\/#\\\/schema\\\/logo\\\/image\\\/\"},\"sameAs\":[\"https:\\\/\\\/www.facebook.com\\\/premioluisvaltuena\\\/\",\"https:\\\/\\\/www.instagram.com\\\/premioluisvaltuena\\\/\",\"https:\\\/\\\/www.youtube.com\\\/playlist?list=PLXPK1-jJZbACLMAIKz7pej4avPCcdrmkn\",\"https:\\\/\\\/es.wikipedia.org\\\/wiki\\\/Premio_Internacional_Luis_Valtue\u00f1a_de_Fotograf\u00eda_Humanitaria\"]}]}<\/script>\n<!-- \/ Yoast SEO plugin. -->","yoast_head_json":{"title":"Photographs usage policy - Premio Luis Valtue\u00f1a","robots":{"index":"index","follow":"follow","max-snippet":"max-snippet:-1","max-image-preview":"max-image-preview:large","max-video-preview":"max-video-preview:-1"},"canonical":"https:\/\/premioluisvaltuena.org\/en\/photographs-usage-policy\/","og_locale":"en_US","og_type":"article","og_title":"Photographs usage policy - Premio Luis Valtue\u00f1a","og_description":"The photographs of the Luis Valtue\u00f1a International Humanitarian Photography Award, organized by M\u00e9dicos del Mundo Espa\u00f1a, may be used under certain conditions listed below: They must always be accompanied by the name of their author, respecting intellectual property rights. Captions should be included whenever possible. In online publications, do not use a high-resolution image, but","og_url":"https:\/\/premioluisvaltuena.org\/en\/photographs-usage-policy\/","og_site_name":"Premio Luis Valtue\u00f1a","article_publisher":"https:\/\/www.facebook.com\/premioluisvaltuena\/","article_modified_time":"2020-04-22T21:15:35+00:00","twitter_card":"summary_large_image","twitter_misc":{"Est. reading time":"1 minute"},"schema":{"@context":"https:\/\/schema.org","@graph":[{"@type":"WebPage","@id":"https:\/\/premioluisvaltuena.org\/en\/photographs-usage-policy\/","url":"https:\/\/premioluisvaltuena.org\/en\/photographs-usage-policy\/","name":"Photographs usage policy - Premio Luis Valtue\u00f1a","isPartOf":{"@id":"https:\/\/premioluisvaltuena.org\/#website"},"datePublished":"2020-04-22T17:27:23+00:00","dateModified":"2020-04-22T21:15:35+00:00","breadcrumb":{"@id":"https:\/\/premioluisvaltuena.org\/en\/photographs-usage-policy\/#breadcrumb"},"inLanguage":"en-US","potentialAction":[{"@type":"ReadAction","target":["https:\/\/premioluisvaltuena.org\/en\/photographs-usage-policy\/"]}]},{"@type":"BreadcrumbList","@id":"https:\/\/premioluisvaltuena.org\/en\/photographs-usage-policy\/#breadcrumb","itemListElement":[{"@type":"ListItem","position":1,"name":"Portada","item":"https:\/\/premioluisvaltuena.org\/en\/"},{"@type":"ListItem","position":2,"name":"Photographs usage policy"}]},{"@type":"WebSite","@id":"https:\/\/premioluisvaltuena.org\/#website","url":"https:\/\/premioluisvaltuena.org\/","name":"Premio Internacional Luis Valtue\u00f1a Fotograf\u00eda Humanitaria","description":"","publisher":{"@id":"https:\/\/premioluisvaltuena.org\/#organization"},"potentialAction":[{"@type":"SearchAction","target":{"@type":"EntryPoint","urlTemplate":"https:\/\/premioluisvaltuena.org\/?s={search_term_string}"},"query-input":{"@type":"PropertyValueSpecification","valueRequired":true,"valueName":"search_term_string"}}],"inLanguage":"en-US"},{"@type":"Organization","@id":"https:\/\/premioluisvaltuena.org\/#organization","name":"Premio Internacional Luis Valtue\u00f1a Fotograf\u00eda Humanitaria","url":"https:\/\/premioluisvaltuena.org\/","logo":{"@type":"ImageObject","inLanguage":"en-US","@id":"https:\/\/premioluisvaltuena.org\/#\/schema\/logo\/image\/","url":"https:\/\/premioluisvaltuena.org\/wp-content\/uploads\/2020\/08\/Logo-2020.png","contentUrl":"https:\/\/premioluisvaltuena.org\/wp-content\/uploads\/2020\/08\/Logo-2020.png","width":1920,"height":1280,"caption":"Premio Internacional Luis Valtue\u00f1a Fotograf\u00eda Humanitaria"},"image":{"@id":"https:\/\/premioluisvaltuena.org\/#\/schema\/logo\/image\/"},"sameAs":["https:\/\/www.facebook.com\/premioluisvaltuena\/","https:\/\/www.instagram.com\/premioluisvaltuena\/","https:\/\/www.youtube.com\/playlist?list=PLXPK1-jJZbACLMAIKz7pej4avPCcdrmkn","https:\/\/es.wikipedia.org\/wiki\/Premio_Internacional_Luis_Valtue\u00f1a_de_Fotograf\u00eda_Humanitaria"]}]}},"_links":{"self":[{"href":"https:\/\/premioluisvaltuena.org\/en\/wp-json\/wp\/v2\/pages\/5316","targetHints":{"allow":["GET"]}}],"collection":[{"href":"https:\/\/premioluisvaltuena.org\/en\/wp-json\/wp\/v2\/pages"}],"about":[{"href":"https:\/\/premioluisvaltuena.org\/en\/wp-json\/wp\/v2\/types\/page"}],"author":[{"embeddable":true,"href":"https:\/\/premioluisvaltuena.org\/en\/wp-json\/wp\/v2\/users\/23"}],"replies":[{"embeddable":true,"href":"https:\/\/premioluisvaltuena.org\/en\/wp-json\/wp\/v2\/comments?post=5316"}],"version-history":[{"count":0,"href":"https:\/\/premioluisvaltuena.org\/en\/wp-json\/wp\/v2\/pages\/5316\/revisions"}],"wp:attachment":[{"href":"https:\/\/premioluisvaltuena.org\/en\/wp-json\/wp\/v2\/media?parent=5316"}],"curies":[{"name":"wp","href":"https:\/\/api.w.org\/{rel}","templated":true}]}}