{"id":4228,"date":"2020-02-07T13:26:44","date_gmt":"2020-02-07T13:26:44","guid":{"rendered":"https:\/\/premioluisvaltuena.org\/home\/"},"modified":"2025-12-17T15:12:16","modified_gmt":"2025-12-17T15:12:16","slug":"home","status":"publish","type":"page","link":"https:\/\/premioluisvaltuena.org\/en\/","title":{"rendered":"Luis Valtue\u00f1a International Award Humanitarian Photography"},"content":{"rendered":"\n<p>The Luis Valtue\u00f1a International Humanitarian Photography Award, founded in 1997 and organized every year by M\u00e9dicos del Mundo Spain, is dedicated to the memory of Flors, Luis, Manuel, and Mercedes, four of the organization\u2019s aid workers who were killed in Rwanda and Bosnia and Herzegovina while they provided humanitarian aid.<\/p>\n\n\n\n<p><\/p>\n","protected":false},"excerpt":{"rendered":"<p>The Luis Valtue\u00f1a International Humanitarian Photography Award, founded in 1997 and organized every year by M\u00e9dicos del Mundo Spain, is dedicated to the memory of Flors, Luis, Manuel, and Mercedes, four of the organization\u2019s aid workers who were killed in Rwanda and Bosnia and Herzegovina while they provided humanitarian aid.<\/p>\n","protected":false},"author":23,"featured_media":17100,"parent":0,"menu_order":0,"comment_status":"closed","ping_status":"closed","template":"page-templates\/home.php","meta":{"_acf_changed":false,"inline_featured_image":false,"_monsterinsights_skip_tracking":false,"_monsterinsights_sitenote_active":false,"_monsterinsights_sitenote_note":"","_monsterinsights_sitenote_category":0,"footnotes":""},"class_list":["post-4228","page","type-page","status-publish","has-post-thumbnail","hentry"],"acf":[],"yoast_head":"<!-- This site is optimized with the Yoast SEO plugin v27.4 - https:\/\/yoast.com\/product\/yoast-seo-wordpress\/ -->\n<title>Luis Valtue\u00f1a International Award Humanitarian Photography - Premio Luis Valtue\u00f1a<\/title>\n<meta name=\"description\" content=\"Since 1997, each year, M\u00e9dicos del Mundo has organised the Luis Valtue\u00f1a International Humanitarian Photography Award dedicated to the memory of four members of the organisation who where killed in Rwanda and Borsnia.\" \/>\n<meta name=\"robots\" content=\"index, follow, max-snippet:-1, max-image-preview:large, max-video-preview:-1\" \/>\n<link rel=\"canonical\" href=\"https:\/\/premioluisvaltuena.org\/en\/\" \/>\n<meta property=\"og:locale\" content=\"en_US\" \/>\n<meta property=\"og:type\" content=\"article\" \/>\n<meta property=\"og:title\" content=\"Luis Valtue\u00f1a International Award Humanitarian Photography - Premio Luis Valtue\u00f1a\" \/>\n<meta property=\"og:description\" content=\"Since 1997, each year, M\u00e9dicos del Mundo has organised the Luis Valtue\u00f1a International Humanitarian Photography Award dedicated to the memory of four members of the organisation who where killed in Rwanda and Borsnia.\" \/>\n<meta property=\"og:url\" content=\"https:\/\/premioluisvaltuena.org\/en\/\" \/>\n<meta property=\"og:site_name\" content=\"Premio Luis Valtue\u00f1a\" \/>\n<meta property=\"article:publisher\" content=\"https:\/\/www.facebook.com\/premioluisvaltuena\/\" \/>\n<meta property=\"article:modified_time\" content=\"2025-12-17T15:12:16+00:00\" \/>\n<meta property=\"og:image\" content=\"https:\/\/premioluisvaltuena.org\/wp-content\/uploads\/2025\/11\/6-7-Mohamed-Khaled-8f7319cf-5902-4e9e-9940-fb73c4927089.jpg\" \/>\n\t<meta property=\"og:image:width\" content=\"2048\" \/>\n\t<meta property=\"og:image:height\" content=\"1365\" \/>\n\t<meta property=\"og:image:type\" content=\"image\/jpeg\" \/>\n<meta name=\"twitter:card\" content=\"summary_large_image\" \/>\n<meta name=\"twitter:label1\" content=\"Est. reading time\" \/>\n\t<meta name=\"twitter:data1\" content=\"1 minute\" \/>\n<script type=\"application\/ld+json\" class=\"yoast-schema-graph\">{\"@context\":\"https:\\\/\\\/schema.org\",\"@graph\":[{\"@type\":\"WebPage\",\"@id\":\"https:\\\/\\\/premioluisvaltuena.org\\\/en\\\/\",\"url\":\"https:\\\/\\\/premioluisvaltuena.org\\\/en\\\/\",\"name\":\"Luis Valtue\u00f1a International Award Humanitarian Photography - Premio Luis Valtue\u00f1a\",\"isPartOf\":{\"@id\":\"https:\\\/\\\/premioluisvaltuena.org\\\/#website\"},\"primaryImageOfPage\":{\"@id\":\"https:\\\/\\\/premioluisvaltuena.org\\\/en\\\/#primaryimage\"},\"image\":{\"@id\":\"https:\\\/\\\/premioluisvaltuena.org\\\/en\\\/#primaryimage\"},\"thumbnailUrl\":\"https:\\\/\\\/premioluisvaltuena.org\\\/wp-content\\\/uploads\\\/2025\\\/11\\\/6-7-Mohamed-Khaled-8f7319cf-5902-4e9e-9940-fb73c4927089.jpg\",\"datePublished\":\"2020-02-07T13:26:44+00:00\",\"dateModified\":\"2025-12-17T15:12:16+00:00\",\"description\":\"Since 1997, each year, M\u00e9dicos del Mundo has organised the Luis Valtue\u00f1a International Humanitarian Photography Award dedicated to the memory of four members of the organisation who where killed in Rwanda and Borsnia.\",\"breadcrumb\":{\"@id\":\"https:\\\/\\\/premioluisvaltuena.org\\\/en\\\/#breadcrumb\"},\"inLanguage\":\"en-US\",\"potentialAction\":[{\"@type\":\"ReadAction\",\"target\":[\"https:\\\/\\\/premioluisvaltuena.org\\\/en\\\/\"]}]},{\"@type\":\"ImageObject\",\"inLanguage\":\"en-US\",\"@id\":\"https:\\\/\\\/premioluisvaltuena.org\\\/en\\\/#primaryimage\",\"url\":\"https:\\\/\\\/premioluisvaltuena.org\\\/wp-content\\\/uploads\\\/2025\\\/11\\\/6-7-Mohamed-Khaled-8f7319cf-5902-4e9e-9940-fb73c4927089.jpg\",\"contentUrl\":\"https:\\\/\\\/premioluisvaltuena.org\\\/wp-content\\\/uploads\\\/2025\\\/11\\\/6-7-Mohamed-Khaled-8f7319cf-5902-4e9e-9940-fb73c4927089.jpg\",\"width\":2048,\"height\":1365,\"caption\":\"After seven years in prison, Mohamed Khaled\u202fKrayem\u202fis finally free. His family is happy, but he struggles to think about the future as he must attend medical visits to recover after his release. \u201cThey used to beat us with iron and plastic pipes on our hands and feet,\u201d Mohamed says. Welcome: *ahlan\u202fwa\u202fsahlan.*\u202fThe interviewees utter these words as if referring to an old acquaintance: *ahlan\u202fwa\u202fsahlan.*\u202fAnd another: *dulab* (wheel). This method of torture, though simple, became one of the regime's trademarks: seating the prisoner inside a wheel, restraining them, and beating them. \u201cThey put you on your back inside the tire and start hitting your feet with strips made from another tire they had cut,\u201d explains Mohamed, the survivor with broken teeth. In the photo, Mohamed assumes the same position he used to sleep in while in prison. After seven years of lying in the same posture, his muscle memory, still fresh since his release only days ago, instinctively reproduces the positions he was forced to adopt in his cell. The lack of space and the repetitive nature of those movements mean he remembers exactly how he lay down and slept in\u202fSednaya\u202fJail.\"},{\"@type\":\"BreadcrumbList\",\"@id\":\"https:\\\/\\\/premioluisvaltuena.org\\\/en\\\/#breadcrumb\",\"itemListElement\":[{\"@type\":\"ListItem\",\"position\":1,\"name\":\"Portada\",\"item\":\"https:\\\/\\\/premioluisvaltuena.org\\\/en\\\/\"},{\"@type\":\"ListItem\",\"position\":2,\"name\":\"Luis Valtue\u00f1a International Award Humanitarian Photography\"}]},{\"@type\":\"WebSite\",\"@id\":\"https:\\\/\\\/premioluisvaltuena.org\\\/#website\",\"url\":\"https:\\\/\\\/premioluisvaltuena.org\\\/\",\"name\":\"Premio Internacional Luis Valtue\u00f1a Fotograf\u00eda Humanitaria\",\"description\":\"\",\"publisher\":{\"@id\":\"https:\\\/\\\/premioluisvaltuena.org\\\/#organization\"},\"potentialAction\":[{\"@type\":\"SearchAction\",\"target\":{\"@type\":\"EntryPoint\",\"urlTemplate\":\"https:\\\/\\\/premioluisvaltuena.org\\\/?s={search_term_string}\"},\"query-input\":{\"@type\":\"PropertyValueSpecification\",\"valueRequired\":true,\"valueName\":\"search_term_string\"}}],\"inLanguage\":\"en-US\"},{\"@type\":\"Organization\",\"@id\":\"https:\\\/\\\/premioluisvaltuena.org\\\/#organization\",\"name\":\"Premio Internacional Luis Valtue\u00f1a Fotograf\u00eda Humanitaria\",\"url\":\"https:\\\/\\\/premioluisvaltuena.org\\\/\",\"logo\":{\"@type\":\"ImageObject\",\"inLanguage\":\"en-US\",\"@id\":\"https:\\\/\\\/premioluisvaltuena.org\\\/#\\\/schema\\\/logo\\\/image\\\/\",\"url\":\"https:\\\/\\\/premioluisvaltuena.org\\\/wp-content\\\/uploads\\\/2020\\\/08\\\/Logo-2020.png\",\"contentUrl\":\"https:\\\/\\\/premioluisvaltuena.org\\\/wp-content\\\/uploads\\\/2020\\\/08\\\/Logo-2020.png\",\"width\":1920,\"height\":1280,\"caption\":\"Premio Internacional Luis Valtue\u00f1a Fotograf\u00eda Humanitaria\"},\"image\":{\"@id\":\"https:\\\/\\\/premioluisvaltuena.org\\\/#\\\/schema\\\/logo\\\/image\\\/\"},\"sameAs\":[\"https:\\\/\\\/www.facebook.com\\\/premioluisvaltuena\\\/\",\"https:\\\/\\\/www.instagram.com\\\/premioluisvaltuena\\\/\",\"https:\\\/\\\/www.youtube.com\\\/playlist?list=PLXPK1-jJZbACLMAIKz7pej4avPCcdrmkn\",\"https:\\\/\\\/es.wikipedia.org\\\/wiki\\\/Premio_Internacional_Luis_Valtue\u00f1a_de_Fotograf\u00eda_Humanitaria\"]}]}<\/script>\n<!-- \/ Yoast SEO plugin. -->","yoast_head_json":{"title":"Luis Valtue\u00f1a International Award Humanitarian Photography - Premio Luis Valtue\u00f1a","description":"Since 1997, each year, M\u00e9dicos del Mundo has organised the Luis Valtue\u00f1a International Humanitarian Photography Award dedicated to the memory of four members of the organisation who where killed in Rwanda and Borsnia.","robots":{"index":"index","follow":"follow","max-snippet":"max-snippet:-1","max-image-preview":"max-image-preview:large","max-video-preview":"max-video-preview:-1"},"canonical":"https:\/\/premioluisvaltuena.org\/en\/","og_locale":"en_US","og_type":"article","og_title":"Luis Valtue\u00f1a International Award Humanitarian Photography - Premio Luis Valtue\u00f1a","og_description":"Since 1997, each year, M\u00e9dicos del Mundo has organised the Luis Valtue\u00f1a International Humanitarian Photography Award dedicated to the memory of four members of the organisation who where killed in Rwanda and Borsnia.","og_url":"https:\/\/premioluisvaltuena.org\/en\/","og_site_name":"Premio Luis Valtue\u00f1a","article_publisher":"https:\/\/www.facebook.com\/premioluisvaltuena\/","article_modified_time":"2025-12-17T15:12:16+00:00","og_image":[{"width":2048,"height":1365,"url":"https:\/\/premioluisvaltuena.org\/wp-content\/uploads\/2025\/11\/6-7-Mohamed-Khaled-8f7319cf-5902-4e9e-9940-fb73c4927089.jpg","type":"image\/jpeg"}],"twitter_card":"summary_large_image","twitter_misc":{"Est. reading time":"1 minute"},"schema":{"@context":"https:\/\/schema.org","@graph":[{"@type":"WebPage","@id":"https:\/\/premioluisvaltuena.org\/en\/","url":"https:\/\/premioluisvaltuena.org\/en\/","name":"Luis Valtue\u00f1a International Award Humanitarian Photography - Premio Luis Valtue\u00f1a","isPartOf":{"@id":"https:\/\/premioluisvaltuena.org\/#website"},"primaryImageOfPage":{"@id":"https:\/\/premioluisvaltuena.org\/en\/#primaryimage"},"image":{"@id":"https:\/\/premioluisvaltuena.org\/en\/#primaryimage"},"thumbnailUrl":"https:\/\/premioluisvaltuena.org\/wp-content\/uploads\/2025\/11\/6-7-Mohamed-Khaled-8f7319cf-5902-4e9e-9940-fb73c4927089.jpg","datePublished":"2020-02-07T13:26:44+00:00","dateModified":"2025-12-17T15:12:16+00:00","description":"Since 1997, each year, M\u00e9dicos del Mundo has organised the Luis Valtue\u00f1a International Humanitarian Photography Award dedicated to the memory of four members of the organisation who where killed in Rwanda and Borsnia.","breadcrumb":{"@id":"https:\/\/premioluisvaltuena.org\/en\/#breadcrumb"},"inLanguage":"en-US","potentialAction":[{"@type":"ReadAction","target":["https:\/\/premioluisvaltuena.org\/en\/"]}]},{"@type":"ImageObject","inLanguage":"en-US","@id":"https:\/\/premioluisvaltuena.org\/en\/#primaryimage","url":"https:\/\/premioluisvaltuena.org\/wp-content\/uploads\/2025\/11\/6-7-Mohamed-Khaled-8f7319cf-5902-4e9e-9940-fb73c4927089.jpg","contentUrl":"https:\/\/premioluisvaltuena.org\/wp-content\/uploads\/2025\/11\/6-7-Mohamed-Khaled-8f7319cf-5902-4e9e-9940-fb73c4927089.jpg","width":2048,"height":1365,"caption":"After seven years in prison, Mohamed Khaled\u202fKrayem\u202fis finally free. His family is happy, but he struggles to think about the future as he must attend medical visits to recover after his release. \u201cThey used to beat us with iron and plastic pipes on our hands and feet,\u201d Mohamed says. Welcome: *ahlan\u202fwa\u202fsahlan.*\u202fThe interviewees utter these words as if referring to an old acquaintance: *ahlan\u202fwa\u202fsahlan.*\u202fAnd another: *dulab* (wheel). This method of torture, though simple, became one of the regime's trademarks: seating the prisoner inside a wheel, restraining them, and beating them. \u201cThey put you on your back inside the tire and start hitting your feet with strips made from another tire they had cut,\u201d explains Mohamed, the survivor with broken teeth. In the photo, Mohamed assumes the same position he used to sleep in while in prison. After seven years of lying in the same posture, his muscle memory, still fresh since his release only days ago, instinctively reproduces the positions he was forced to adopt in his cell. The lack of space and the repetitive nature of those movements mean he remembers exactly how he lay down and slept in\u202fSednaya\u202fJail."},{"@type":"BreadcrumbList","@id":"https:\/\/premioluisvaltuena.org\/en\/#breadcrumb","itemListElement":[{"@type":"ListItem","position":1,"name":"Portada","item":"https:\/\/premioluisvaltuena.org\/en\/"},{"@type":"ListItem","position":2,"name":"Luis Valtue\u00f1a International Award Humanitarian Photography"}]},{"@type":"WebSite","@id":"https:\/\/premioluisvaltuena.org\/#website","url":"https:\/\/premioluisvaltuena.org\/","name":"Premio Internacional Luis Valtue\u00f1a Fotograf\u00eda Humanitaria","description":"","publisher":{"@id":"https:\/\/premioluisvaltuena.org\/#organization"},"potentialAction":[{"@type":"SearchAction","target":{"@type":"EntryPoint","urlTemplate":"https:\/\/premioluisvaltuena.org\/?s={search_term_string}"},"query-input":{"@type":"PropertyValueSpecification","valueRequired":true,"valueName":"search_term_string"}}],"inLanguage":"en-US"},{"@type":"Organization","@id":"https:\/\/premioluisvaltuena.org\/#organization","name":"Premio Internacional Luis Valtue\u00f1a Fotograf\u00eda Humanitaria","url":"https:\/\/premioluisvaltuena.org\/","logo":{"@type":"ImageObject","inLanguage":"en-US","@id":"https:\/\/premioluisvaltuena.org\/#\/schema\/logo\/image\/","url":"https:\/\/premioluisvaltuena.org\/wp-content\/uploads\/2020\/08\/Logo-2020.png","contentUrl":"https:\/\/premioluisvaltuena.org\/wp-content\/uploads\/2020\/08\/Logo-2020.png","width":1920,"height":1280,"caption":"Premio Internacional Luis Valtue\u00f1a Fotograf\u00eda Humanitaria"},"image":{"@id":"https:\/\/premioluisvaltuena.org\/#\/schema\/logo\/image\/"},"sameAs":["https:\/\/www.facebook.com\/premioluisvaltuena\/","https:\/\/www.instagram.com\/premioluisvaltuena\/","https:\/\/www.youtube.com\/playlist?list=PLXPK1-jJZbACLMAIKz7pej4avPCcdrmkn","https:\/\/es.wikipedia.org\/wiki\/Premio_Internacional_Luis_Valtue\u00f1a_de_Fotograf\u00eda_Humanitaria"]}]}},"_links":{"self":[{"href":"https:\/\/premioluisvaltuena.org\/en\/wp-json\/wp\/v2\/pages\/4228","targetHints":{"allow":["GET"]}}],"collection":[{"href":"https:\/\/premioluisvaltuena.org\/en\/wp-json\/wp\/v2\/pages"}],"about":[{"href":"https:\/\/premioluisvaltuena.org\/en\/wp-json\/wp\/v2\/types\/page"}],"author":[{"embeddable":true,"href":"https:\/\/premioluisvaltuena.org\/en\/wp-json\/wp\/v2\/users\/23"}],"replies":[{"embeddable":true,"href":"https:\/\/premioluisvaltuena.org\/en\/wp-json\/wp\/v2\/comments?post=4228"}],"version-history":[{"count":73,"href":"https:\/\/premioluisvaltuena.org\/en\/wp-json\/wp\/v2\/pages\/4228\/revisions"}],"predecessor-version":[{"id":17247,"href":"https:\/\/premioluisvaltuena.org\/en\/wp-json\/wp\/v2\/pages\/4228\/revisions\/17247"}],"wp:featuredmedia":[{"embeddable":true,"href":"https:\/\/premioluisvaltuena.org\/en\/wp-json\/wp\/v2\/media\/17100"}],"wp:attachment":[{"href":"https:\/\/premioluisvaltuena.org\/en\/wp-json\/wp\/v2\/media?parent=4228"}],"curies":[{"name":"wp","href":"https:\/\/api.w.org\/{rel}","templated":true}]}}